{"id":112,"date":"2020-09-17T18:22:32","date_gmt":"2020-09-17T16:22:32","guid":{"rendered":"https:\/\/concept.lightwave.ch\/?page_id=112"},"modified":"2024-12-02T21:33:01","modified_gmt":"2024-12-02T20:33:01","slug":"online-marketplace-for-sustainable-products-and-services-with-a-participatory-budget-mode","status":"publish","type":"page","link":"https:\/\/lightwave.ch\/en\/","title":{"rendered":"Home"},"content":{"rendered":"<a href=\"https:\/\/lightwave.ch\/en\/map\/\" target=\"_blank\" rel=\"noopener\">\n\t\t\t\t<img loading=\"lazy\" decoding=\"async\" src=\"https:\/\/lightwave.ch\/wp-content\/uploads\/sites\/12\/2024\/07\/Lightwave_Regionen.png\" alt=\"Lightwave_Regionen\" height=\"1527\" width=\"2644\" title=\"Lightwave_Regionen\" \/>\n\t\t\t\t<\/a>\n<h2>\n\t\tRegional Connection\n\t<\/h2>\n\t<p>We offer our online marketplace to supply regions and support the development of a steward organization across the entire value chain.<\/p>\n\t<p>About us<\/p>\n\tDiscover what drives us: our vision, mission, and values.<br \/>\nMeet our team.\n\t\t\t<a href=\"https:\/\/lightwave.ch\/en\/ueber-uns\/\" target=\"_blank\" rel=\"noopener\">\n\t\t\t\t\t\t\tEntdecken\n\t\t\t\t\t<\/a>\n\t\t\t\t<img loading=\"lazy\" decoding=\"async\" src=\"https:\/\/lightwave.ch\/wp-content\/uploads\/sites\/12\/2024\/02\/photo_2024-02-27-09.05.09.jpeg\" alt=\"photo_2024-02-27 09.05.09\" height=\"960\" width=\"1280\" title=\"photo_2024-02-27 09.05.09\" \/>\n\t\t\t\t<a href=\"https:\/\/lightwave.ch\/en\/blog\/\" target=\"_blank\" rel=\"noopener\">\n\t\t\t\t<img loading=\"lazy\" decoding=\"async\" src=\"https:\/\/lightwave.ch\/wp-content\/uploads\/sites\/12\/2021\/07\/Bildschirmfoto-2021-07-15-um-11.22.01.png\" alt=\"Bildschirmfoto 2021-07-15 um 11.22.01\" height=\"1702\" width=\"3360\" title=\"Bildschirmfoto 2021-07-15 um 11.22.01\" \/>\n\t\t\t\t<\/a>\n\t<p>Exploring the Multiverses<\/p>\n\t<p>The official Lightwave Blog<\/p>\n\t<p>We regularly share updates about our progress and network.<\/p>\n\t\t\t<a href=\"https:\/\/lightwave.ch\/en\/blog\/\" target=\"_blank\" rel=\"noopener\">\n\t\t\t\t\t\t\tLesen\n\t\t\t\t\t<\/a>","protected":false},"excerpt":{"rendered":"<p>Regionale Verbundenheit Wir bieten unseren Online-Marktplatz Versorgungsregionen an und unterst\u00fctzen beim Aufbau einer Tr\u00e4gerorganisation entlang der gesamten Wertsch\u00f6pfungskette. \u00dcber uns Entdecke, was uns antreibt: unsere Vision, Mission und Werte. Lerne unser Team kennen. Entdecken Exploring the Multiverses Der offizielle Lightwave Blog Wir teilen regelm\u00e4ssig Updates \u00fcber unseren Prozess und Netzwerk. Lesen<\/p>","protected":false},"author":3,"featured_media":0,"parent":0,"menu_order":0,"comment_status":"closed","ping_status":"closed","template":"","meta":{"footnotes":""},"class_list":["post-112","page","type-page","status-publish","hentry"],"_links":{"self":[{"href":"https:\/\/lightwave.ch\/en\/wp-json\/wp\/v2\/pages\/112","targetHints":{"allow":["GET"]}}],"collection":[{"href":"https:\/\/lightwave.ch\/en\/wp-json\/wp\/v2\/pages"}],"about":[{"href":"https:\/\/lightwave.ch\/en\/wp-json\/wp\/v2\/types\/page"}],"author":[{"embeddable":true,"href":"https:\/\/lightwave.ch\/en\/wp-json\/wp\/v2\/users\/3"}],"replies":[{"embeddable":true,"href":"https:\/\/lightwave.ch\/en\/wp-json\/wp\/v2\/comments?post=112"}],"version-history":[{"count":200,"href":"https:\/\/lightwave.ch\/en\/wp-json\/wp\/v2\/pages\/112\/revisions"}],"predecessor-version":[{"id":1992,"href":"https:\/\/lightwave.ch\/en\/wp-json\/wp\/v2\/pages\/112\/revisions\/1992"}],"wp:attachment":[{"href":"https:\/\/lightwave.ch\/en\/wp-json\/wp\/v2\/media?parent=112"}],"curies":[{"name":"wp","href":"https:\/\/api.w.org\/{rel}","templated":true}]}}