{"id":146,"date":"2021-03-09T08:59:31","date_gmt":"2021-03-09T08:59:31","guid":{"rendered":"https:\/\/lightwave.ch\/?page_id=146"},"modified":"2025-08-24T17:44:49","modified_gmt":"2025-08-24T15:44:49","slug":"ueber-uns","status":"publish","type":"page","link":"https:\/\/lightwave.ch\/en\/ueber-uns\/","title":{"rendered":"About Us"},"content":{"rendered":"<h2>\n\t\t\tAbout Us\t<\/h2>\n<h2>\n\t\t\tVision\t<\/h2>\n\t<p>Wir wandeln die Informations- &amp; Machtstrukturen im Handel zur Regeneration der Erde.<\/p>\n<h2>\n\t\t\tMission\t<\/h2>\n\t<p>Wir schaffen innerhalb und zwischen Regionen direkte Informations-, Werte- und Warenfl\u00fcsse.<\/p>\n<h2>\n\t\t\tWerte\t<\/h2>\n\t<ul>\n<li><b>Erde h\u00fcten:<\/b> Wir engagieren uns f\u00fcr den Aufbau und die Erhaltung fruchtbarer und lebendiger B\u00f6den,f\u00fcr saubere Luft und Wasser sowie eine gesunde Beziehung zwischen Mensch und der Erde.<\/li>\n<li><b>Vielfalt:<\/b> Wir f\u00f6rdern und wertsch\u00e4tzen die Vielfalt in der Tier-, Pflanzen- und Pilzwelt. Sowohl von ethnischen, geschlechtlichen oder sexuellen Identit\u00e4ten im Menschen.<\/li>\n<li><b>Selbsterm\u00e4chtigung:<\/b> Wir erm\u00e4chtigen alle Beteiligten zu selbstbestimmtem, sinnstiftendem und verantwortungsvollem Handeln zum Wohle aller.<\/li>\n<li><b>Resilienz:<\/b> Wir schaffen Widerstandsf\u00e4higkeit, damit alle Beteiligten auch in schwierigen Umst\u00e4nden gut durch die Zyklen des Lebens kommen.<\/li>\n<li><b>Aktivismus:<\/b> Als Bewegung von Menschen aus verschiedenen L\u00e4ndern nehmen wir unsere gesellschaftliche Verantwortung wahr und wandeln gemeinsam die Machtstrukturen im Handel.<\/li>\n<li><b>Regionale und kleine Strukturierung:<\/b> Wir erm\u00e4chtigen regionale Strukturen und klein-strukturierte Betriebe in ihrer Wirksamkeit vor Ort und erhalten ihre Kulturg\u00fcter.<\/li>\n<li><b>Direkte Verbindungen schaffen:<\/b> Wir f\u00f6rdern den Aufbau von Gemeinschaften von direkten Beziehungen innerhalb von Wertsch\u00f6pfungsketten, f\u00fcr eine faire Zusammenarbeit und Verteilung der Wertsch\u00f6pfung.<\/li>\n<li><b>Transparenz:<\/b> Wir machen \u00f6kologische und soziale Leistungen von Betrieben und die Verteilung der Gelder durch die gesamte Wertsch\u00f6pfungskette f\u00fcr alle sichtbar.<\/li>\n<li><b>Achtsame Technologienutzung:<\/b> Unsere Technologien unterst\u00fctzen den Menschen im Alltag und helfen, die Aufmerksamkeit auf das Leben in der realen Welt zu bringen. Wir entwickeln unsere Technologien verantwortungsvoll und sind uns des Potenzials f\u00fcr Manipulation und die Schaffung von Abh\u00e4ngigkeiten bewusst.<\/li>\n<li><b>Open-Source und Commons:<\/b> \u00dcber geografische und kulturelle Grenzen hinweg entwickeln und h\u00fcten wir als Netzwerk die Technologien und das Wissen vom Marktplatz der Zukunft.<\/li>\n<li><b>Verantwortungseigentum:<\/b> Wir trennen Macht und Geld und wirtschaften gemeinwohlorientiert statt Gewinnmaximierung.<\/li>\n<\/ul>","protected":false},"excerpt":{"rendered":"<p>\u00dcber Uns Vision Wir wandeln die Informations- &amp; Machtstrukturen im Handel zur Regeneration der Erde. Mission Wir schaffen innerhalb und zwischen Regionen direkte Informations-, Werte- und Warenfl\u00fcsse. Werte Erde h\u00fcten: Wir engagieren uns f\u00fcr den Aufbau und die Erhaltung fruchtbarer und lebendiger B\u00f6den,f\u00fcr saubere Luft und Wasser sowie eine gesunde Beziehung zwischen Mensch und der&hellip;<\/p>","protected":false},"author":2,"featured_media":0,"parent":0,"menu_order":0,"comment_status":"closed","ping_status":"closed","template":"","meta":{"footnotes":""},"class_list":["post-146","page","type-page","status-publish","hentry"],"_links":{"self":[{"href":"https:\/\/lightwave.ch\/en\/wp-json\/wp\/v2\/pages\/146","targetHints":{"allow":["GET"]}}],"collection":[{"href":"https:\/\/lightwave.ch\/en\/wp-json\/wp\/v2\/pages"}],"about":[{"href":"https:\/\/lightwave.ch\/en\/wp-json\/wp\/v2\/types\/page"}],"author":[{"embeddable":true,"href":"https:\/\/lightwave.ch\/en\/wp-json\/wp\/v2\/users\/2"}],"replies":[{"embeddable":true,"href":"https:\/\/lightwave.ch\/en\/wp-json\/wp\/v2\/comments?post=146"}],"version-history":[{"count":50,"href":"https:\/\/lightwave.ch\/en\/wp-json\/wp\/v2\/pages\/146\/revisions"}],"predecessor-version":[{"id":2002,"href":"https:\/\/lightwave.ch\/en\/wp-json\/wp\/v2\/pages\/146\/revisions\/2002"}],"wp:attachment":[{"href":"https:\/\/lightwave.ch\/en\/wp-json\/wp\/v2\/media?parent=146"}],"curies":[{"name":"wp","href":"https:\/\/api.w.org\/{rel}","templated":true}]}}